{"id":6,"date":"2020-05-14T17:30:34","date_gmt":"2020-05-14T17:30:34","guid":{"rendered":"http:\/\/sr-kommunikation.com\/?page_id=6"},"modified":"2022-11-02T09:57:02","modified_gmt":"2022-11-02T09:57:02","slug":"leistungen-service","status":"publish","type":"page","link":"https:\/\/sr-kommunikation.com\/?page_id=6","title":{"rendered":"Leistungen &#038; Service"},"content":{"rendered":"\n<p style=\"font-size:18px\"><strong>Gehen Sie online!<\/strong><\/p>\n\n\n\n<p>Die Anzahl der Social Media Plattformen, auf denen man sich privat oder beruflich pr\u00e4sentieren kann, ist in den letzten Jahren enorm gestiegen; einige kennt man kaum, andere haben sich als feste Gr\u00f6\u00dfe etabliert. Aber wie findet man die passende B\u00fchne, um sein Unternehmen in geeigneter Form einer m\u00f6glichst gro\u00dfen Zielgruppe zu pr\u00e4sentieren? Es reicht l\u00e4ngst nicht mehr aus, ein Account auf Facebook, Instagram, Twitter, LinkedIn, Xing\u00a0\u00a0&amp; Co. zu erstellen, sondern man muss seine Online-Pr\u00e4senz auch mit passenden Inhalten zum Leben erwecken und mit der gewonnenen Community interagieren. Social Media bietet kosteng\u00fcnstige Werbeplattformen mit gro\u00dfer Reichweite, vereinfacht \u00fcberregionale Kommunikation und Veranstaltungsmanagement.<\/p>\n\n\n\n<p><em>Referenzen<\/em><\/p>\n\n\n\n<ul><li>Buchhandlung \u201eLeseZeit\u201c, Bad Vilbel<\/li><li>G\u00e4rtnerei Thomas Jung, Oberrad<\/li><li>Endress Gastronomie-Service, Garmisch-Partenkirchen<\/li><li>Brunnen Center, Bad Vilbel<\/li><li>Power Place Fitness Studio, Bad Vilbel<\/li><\/ul>\n\n\n\n<figure class=\"wp-container-2 wp-block-gallery-1 wp-block-gallery has-nested-images columns-default is-cropped\">\n<figure class=\"wp-block-image size-large\"><img loading=\"lazy\" width=\"2560\" height=\"1763\" data-id=\"132\"  src=\"https:\/\/sr-kommunikation.com\/wp-content\/uploads\/2020\/06\/3U1A1144-1-1-scaled.jpg\" alt=\"\" class=\"wp-image-132\" srcset=\"https:\/\/sr-kommunikation.com\/wp-content\/uploads\/2020\/06\/3U1A1144-1-1-scaled.jpg 2560w, https:\/\/sr-kommunikation.com\/wp-content\/uploads\/2020\/06\/3U1A1144-1-1-300x207.jpg 300w, https:\/\/sr-kommunikation.com\/wp-content\/uploads\/2020\/06\/3U1A1144-1-1-768x529.jpg 768w, https:\/\/sr-kommunikation.com\/wp-content\/uploads\/2020\/06\/3U1A1144-1-1-2048x1410.jpg 2048w, https:\/\/sr-kommunikation.com\/wp-content\/uploads\/2020\/06\/3U1A1144-1-1-87x60.jpg 87w\" sizes=\"(max-width: 2560px) 100vw, 2560px\" \/><figcaption>Kommunikation<\/figcaption><\/figure>\n\n\n\n<figure class=\"wp-block-image size-large\"><img loading=\"lazy\" width=\"1024\" height=\"683\" data-id=\"59\"  src=\"https:\/\/sr-kommunikation.com\/wp-content\/uploads\/2020\/06\/IMG_9760-1-1-1024x683.jpg\" alt=\"\" class=\"wp-image-59\" srcset=\"https:\/\/sr-kommunikation.com\/wp-content\/uploads\/2020\/06\/IMG_9760-1-1-1024x683.jpg 1024w, https:\/\/sr-kommunikation.com\/wp-content\/uploads\/2020\/06\/IMG_9760-1-1-300x200.jpg 300w, https:\/\/sr-kommunikation.com\/wp-content\/uploads\/2020\/06\/IMG_9760-1-1-768x512.jpg 768w, https:\/\/sr-kommunikation.com\/wp-content\/uploads\/2020\/06\/IMG_9760-1-1-1536x1024.jpg 1536w, https:\/\/sr-kommunikation.com\/wp-content\/uploads\/2020\/06\/IMG_9760-1-1-2048x1365.jpg 2048w\" sizes=\"(max-width: 1024px) 100vw, 1024px\" \/><figcaption>braucht eine<\/figcaption><\/figure>\n\n\n\n<figure class=\"wp-block-image size-large\"><img loading=\"lazy\" width=\"1024\" height=\"656\" data-id=\"131\"  src=\"https:\/\/sr-kommunikation.com\/wp-content\/uploads\/2020\/06\/IMG_9811-1-1-1024x656.jpg\" alt=\"\" class=\"wp-image-131\" srcset=\"https:\/\/sr-kommunikation.com\/wp-content\/uploads\/2020\/06\/IMG_9811-1-1-1024x656.jpg 1024w, https:\/\/sr-kommunikation.com\/wp-content\/uploads\/2020\/06\/IMG_9811-1-1-300x192.jpg 300w, https:\/\/sr-kommunikation.com\/wp-content\/uploads\/2020\/06\/IMG_9811-1-1-768x492.jpg 768w, https:\/\/sr-kommunikation.com\/wp-content\/uploads\/2020\/06\/IMG_9811-1-1-1536x984.jpg 1536w, https:\/\/sr-kommunikation.com\/wp-content\/uploads\/2020\/06\/IMG_9811-1-1-2048x1312.jpg 2048w, https:\/\/sr-kommunikation.com\/wp-content\/uploads\/2020\/06\/IMG_9811-1-1-94x60.jpg 94w\" sizes=\"(max-width: 1024px) 100vw, 1024px\" \/><figcaption>Verbindung<\/figcaption><\/figure>\n<\/figure>\n\n\n\n<p style=\"font-size:18px\"><strong>Leistungen &amp; Service<\/strong><\/p>\n\n\n\n<p><em>Basispaket<\/em><\/p>\n\n\n\n<ul><li>Definition der W\u00fcnsche und Ziele im Hinblick auf die geplante Online-Pr\u00e4senz<\/li><li>Definition einer Zielgruppe<\/li><li>Auswahl der geeigneten Social Media Plattformen<\/li><li>Aufbau &amp; Gestaltung der jeweiligen Online-Pr\u00e4senzen<\/li><li>Moderation des Seitendialogs mit der jeweiligen Community<\/li><li>\u00dcbersichtliche und detaillierte Beitragsplanung<\/li><li>Einsatz von gezielten Online-Marketing- und Werbema\u00dfnahmen (sog. \u201egesponserten\u201c Postings)<\/li><li>Aktionsbezogene Kampagnenplanung<\/li><li>Auswertung des Userverhaltens und entsprechende Dokumentation<\/li><\/ul>\n\n\n\n<p>Dar\u00fcber hinaus begleite ich gerne mit einer auf Ihr Unternehmen abgestimmten Presse- und \u00d6ffentlichkeitsarbeit besondere Aktionen, Veranstaltungen und Projekte oder \u00fcbernehme Kundenmailings.&nbsp;<\/p>\n","protected":false},"excerpt":{"rendered":"<p>Gehen Sie online! Die Anzahl der Social Media Plattformen, auf denen man sich privat oder beruflich pr\u00e4sentieren kann, ist in den letzten Jahren enorm gestiegen; einige kennt man kaum, andere haben sich als feste Gr\u00f6\u00dfe etabliert. Aber wie findet man die passende B\u00fchne, um sein Unternehmen in geeigneter Form einer m\u00f6glichst gro\u00dfen Zielgruppe zu pr\u00e4sentieren? &hellip; <\/p>\n","protected":false},"author":1,"featured_media":0,"parent":0,"menu_order":0,"comment_status":"closed","ping_status":"closed","template":"","meta":[],"_links":{"self":[{"href":"https:\/\/sr-kommunikation.com\/index.php?rest_route=\/wp\/v2\/pages\/6"}],"collection":[{"href":"https:\/\/sr-kommunikation.com\/index.php?rest_route=\/wp\/v2\/pages"}],"about":[{"href":"https:\/\/sr-kommunikation.com\/index.php?rest_route=\/wp\/v2\/types\/page"}],"author":[{"embeddable":true,"href":"https:\/\/sr-kommunikation.com\/index.php?rest_route=\/wp\/v2\/users\/1"}],"replies":[{"embeddable":true,"href":"https:\/\/sr-kommunikation.com\/index.php?rest_route=%2Fwp%2Fv2%2Fcomments&post=6"}],"version-history":[{"count":8,"href":"https:\/\/sr-kommunikation.com\/index.php?rest_route=\/wp\/v2\/pages\/6\/revisions"}],"predecessor-version":[{"id":139,"href":"https:\/\/sr-kommunikation.com\/index.php?rest_route=\/wp\/v2\/pages\/6\/revisions\/139"}],"wp:attachment":[{"href":"https:\/\/sr-kommunikation.com\/index.php?rest_route=%2Fwp%2Fv2%2Fmedia&parent=6"}],"curies":[{"name":"wp","href":"https:\/\/api.w.org\/{rel}","templated":true}]}}